{"id":7,"date":"2021-03-01T17:27:36","date_gmt":"2021-03-01T17:27:36","guid":{"rendered":"https:\/\/vs-lohnsburg.at\/?page_id=7"},"modified":"2026-03-13T10:53:47","modified_gmt":"2026-03-13T09:53:47","slug":"kontakt","status":"publish","type":"page","link":"https:\/\/vs-lohnsburg.at\/?page_id=7","title":{"rendered":"Kontakt"},"content":{"rendered":"\r\n<p><strong><br \/>Volksschule Lohnsburg am Kobernau\u00dferwald <br \/><\/strong>Schulleitung: \u00a0Irmgard Mathe\u00b4<\/p>\r\n\r\n\r\n\r\n<figure class=\"wp-block-image size-large is-resized\"><img loading=\"lazy\" decoding=\"async\" class=\"wp-image-1644\" src=\"https:\/\/vs-lohnsburg.at\/wp-content\/uploads\/2023\/06\/I.Mathe\u00b4-746x1024.jpg\" alt=\"\" width=\"164\" height=\"226\" srcset=\"https:\/\/vs-lohnsburg.at\/wp-content\/uploads\/2023\/06\/I.Mathe\u00b4-746x1024.jpg 746w, https:\/\/vs-lohnsburg.at\/wp-content\/uploads\/2023\/06\/I.Mathe\u00b4-219x300.jpg 219w, https:\/\/vs-lohnsburg.at\/wp-content\/uploads\/2023\/06\/I.Mathe\u00b4-768x1054.jpg 768w, https:\/\/vs-lohnsburg.at\/wp-content\/uploads\/2023\/06\/I.Mathe\u00b4-1119x1536.jpg 1119w, https:\/\/vs-lohnsburg.at\/wp-content\/uploads\/2023\/06\/I.Mathe\u00b4-1492x2048.jpg 1492w, https:\/\/vs-lohnsburg.at\/wp-content\/uploads\/2023\/06\/I.Mathe\u00b4.jpg 1735w\" sizes=\"auto, (max-width: 164px) 100vw, 164px\" \/><\/figure>\r\n\r\n\r\n\r\n<p>Unterdorf 88<br \/>Telefon: 07754 \/ 2120-0 <br \/>Fax: \u00a0 \u00a0 \u00a007754 \/ 2120-40<br \/>Email: \u00a0\u00a0\u00a0<a href=\"mailto:s412161@schule-ooe.at\">s412161@schule-ooe.at<\/a><\/p>\r\n\r\n\r\n\r\n<p>Telefon Direktion:\u00a0\u00a0\u00a0 \u00a0\u00a0\u00a0 \u00a0\u00a0\u00a0 07754 \/ 2120-20<br \/>Schnurlos-Telefon:\u00a0\u00a0\u00a0 \u00a0\u00a0\u00a0\u00a0\u00a0 07754 \/ 2120-21<br \/>Telefon Lehrerzimmer:\u00a0\u00a0\u00a0 \u00a007754 \/ 2120-22<\/p>\r\n<p>&nbsp;<\/p>\r\n<p><strong>Offenlegung nach \u00a75ECG und \u00a7\u00a724, 25 Mediengesetz:<br \/>Betreiber der Website, Medieninhaber und Herausgeber: Volksschule Lohnsburg<\/strong><\/p>\r\n<p><em><strong>Haftungsausschluss:<br \/><\/strong><br \/>Es handelt sich um eine Schulwebseite mit Informationen, Terminen, Kommentaren, Links sowie Fotos aus dem schulischen Alltag der Volksschule Lohnsburg<br \/>Die Inhalte unserer Website wurden mit gr\u00f6\u00dfter Sorgfalt erstellt. F\u00fcr die Richtigkeit, Vollst\u00e4ndigkeit und Aktualit\u00e4t der Inhalte k\u00f6nnen wir jedoch keine Gew\u00e4hr \u00fcbernehmen.<br \/>Wir \u00fcbernehmen keine Verantwortung f\u00fcr die Inhalte von verlinkten Webseiten. F\u00fcr Inhalte der verlinkten Seiten sind ausschlie\u00dflich deren Betreiber verantwortlich.<br \/>Bilder und Informationen von Sch\u00fclern, Lehrern und Eltern sowie Dritten werden nur nach ausdr\u00fccklicher Zustimmung dieser auf diesen Seiten dargestellt und d\u00fcrfen nur mit Genehmigung kopiert und weiterverwendet werden.<\/em><\/p>\r\n<h4 class=\"wp-block-heading\"><em>Datenschutz<\/em><\/h4>\r\n<p><em>Datenschutzinformation gem\u00e4\u00df Art. 12ff DSGVO im Rahmen der Schulverwaltung an \u00f6sterreichischen Schulen gem\u00e4\u00df Art. 14 B-VG<\/em><\/p>\r\n<p><a href=\"https:\/\/www.bmbwf.gv.at\/Themen\/schule\/schulrecht\/ds.html#09\">https:\/\/www.bmbwf.gv.at\/Themen\/schule\/schulrecht\/ds.html#09<\/a><\/p>\r\n<p>Verantwortlicher im Sinne der DSGVO ist die\/der jeweilige Schulleiter\/in<\/p>\r\n<p>Bitte entnehmen Sie entsprechende Daten dem Impressum.<\/p>\r\n\r\n\r\n\r\n<p>&nbsp;<\/p>\r\n","protected":false},"excerpt":{"rendered":"<p>Volksschule Lohnsburg am Kobernau\u00dferwald Schulleitung: \u00a0Irmgard Mathe\u00b4 Unterdorf 88Telefon: 07754 \/ 2120-0 Fax: \u00a0 \u00a0 \u00a007754 \/ 2120-40Email: \u00a0\u00a0\u00a0s412161@schule-ooe.at Telefon &hellip; <\/p>\n","protected":false},"author":1,"featured_media":0,"parent":0,"menu_order":0,"comment_status":"closed","ping_status":"closed","template":"","meta":{"footnotes":""},"class_list":["post-7","page","type-page","status-publish","hentry"],"_links":{"self":[{"href":"https:\/\/vs-lohnsburg.at\/index.php?rest_route=\/wp\/v2\/pages\/7","targetHints":{"allow":["GET"]}}],"collection":[{"href":"https:\/\/vs-lohnsburg.at\/index.php?rest_route=\/wp\/v2\/pages"}],"about":[{"href":"https:\/\/vs-lohnsburg.at\/index.php?rest_route=\/wp\/v2\/types\/page"}],"author":[{"embeddable":true,"href":"https:\/\/vs-lohnsburg.at\/index.php?rest_route=\/wp\/v2\/users\/1"}],"replies":[{"embeddable":true,"href":"https:\/\/vs-lohnsburg.at\/index.php?rest_route=%2Fwp%2Fv2%2Fcomments&post=7"}],"version-history":[{"count":14,"href":"https:\/\/vs-lohnsburg.at\/index.php?rest_route=\/wp\/v2\/pages\/7\/revisions"}],"predecessor-version":[{"id":4972,"href":"https:\/\/vs-lohnsburg.at\/index.php?rest_route=\/wp\/v2\/pages\/7\/revisions\/4972"}],"wp:attachment":[{"href":"https:\/\/vs-lohnsburg.at\/index.php?rest_route=%2Fwp%2Fv2%2Fmedia&parent=7"}],"curies":[{"name":"wp","href":"https:\/\/api.w.org\/{rel}","templated":true}]}}