{"id":1375,"date":"2023-04-30T14:37:56","date_gmt":"2023-04-30T12:37:56","guid":{"rendered":"https:\/\/vs-lohnsburg.at\/?page_id=1375"},"modified":"2023-05-02T07:52:40","modified_gmt":"2023-05-02T05:52:40","slug":"kalenderabo-anlegen","status":"publish","type":"page","link":"https:\/\/vs-lohnsburg.at\/?page_id=1375","title":{"rendered":"Kalenderabo anlegen"},"content":{"rendered":"\n<p>Hier wird beschrieben, wie man ein Kalenderabo f\u00fcr iOS beziehungsweise Android einrichten kann. Bitte Anleitung f\u00fcr ihr Betriebssystem Schritt f\u00fcr Schritt befolgen.<\/p>\n\n\n\n<p><strong>Link:<\/strong><\/p>\n\n\n\n<p><a href=\"https:\/\/calendar.google.com\/calendar\/ical\/c_d3c028ffd0edefd55b14c9c21c0b2b5c0f472df57ec484d05ddfcb18cecd102a%40group.calendar.google.com\/public\/basic.ics\">https:\/\/calendar.google.com\/calendar\/ical\/c_d3c028ffd0edefd55b14c9c21c0b2b5c0f472df57ec484d05ddfcb18cecd102a%40group.calendar.google.com\/public\/basic.ics<\/a><\/p>\n\n\n\n<h2 class=\"wp-block-heading\">iOS (Apple iPhone):<\/h2>\n\n\n\n<p>Als erstes \u00f6ffnet man die App \u201eEinstellungen\u201c:<\/p>\n\n\n\n<figure class=\"wp-block-image size-full is-resized\"><img loading=\"lazy\" decoding=\"async\" src=\"https:\/\/vs-lohnsburg.at\/wp-content\/uploads\/2023\/04\/ios-einstellungen.jpg\" alt=\"\" class=\"wp-image-1376\" width=\"63\" height=\"62\" srcset=\"https:\/\/vs-lohnsburg.at\/wp-content\/uploads\/2023\/04\/ios-einstellungen.jpg 111w, https:\/\/vs-lohnsburg.at\/wp-content\/uploads\/2023\/04\/ios-einstellungen-70x70.jpg 70w\" sizes=\"auto, (max-width: 63px) 100vw, 63px\" \/><\/figure>\n\n\n\n<p>Hier sucht man den Punkt \u201eKalender\u201c. Im n\u00e4chsten Schritt auf \u201eAccounts\u201c und \u201eAccount hinzuf\u00fcgen\u201c ausw\u00e4hlen.<\/p>\n\n\n\n<figure class=\"wp-block-gallery has-nested-images columns-default is-cropped wp-block-gallery-1 is-layout-flex wp-block-gallery-is-layout-flex\">\n<figure class=\"wp-block-image size-large\"><img loading=\"lazy\" decoding=\"async\" width=\"426\" height=\"923\" data-id=\"1378\" src=\"https:\/\/vs-lohnsburg.at\/wp-content\/uploads\/2023\/04\/iOS_Kalenderabo_Bild1.png\" alt=\"\" class=\"wp-image-1378\" srcset=\"https:\/\/vs-lohnsburg.at\/wp-content\/uploads\/2023\/04\/iOS_Kalenderabo_Bild1.png 426w, https:\/\/vs-lohnsburg.at\/wp-content\/uploads\/2023\/04\/iOS_Kalenderabo_Bild1-138x300.png 138w\" sizes=\"auto, (max-width: 426px) 100vw, 426px\" \/><\/figure>\n\n\n\n<figure class=\"wp-block-image size-large\"><img loading=\"lazy\" decoding=\"async\" width=\"433\" height=\"939\" data-id=\"1377\" src=\"https:\/\/vs-lohnsburg.at\/wp-content\/uploads\/2023\/04\/iOS_Kalenderabo_Bild2.png\" alt=\"\" class=\"wp-image-1377\" srcset=\"https:\/\/vs-lohnsburg.at\/wp-content\/uploads\/2023\/04\/iOS_Kalenderabo_Bild2.png 433w, https:\/\/vs-lohnsburg.at\/wp-content\/uploads\/2023\/04\/iOS_Kalenderabo_Bild2-138x300.png 138w\" sizes=\"auto, (max-width: 433px) 100vw, 433px\" \/><\/figure>\n\n\n\n<figure class=\"wp-block-image size-large\"><img loading=\"lazy\" decoding=\"async\" width=\"433\" height=\"937\" data-id=\"1379\" src=\"https:\/\/vs-lohnsburg.at\/wp-content\/uploads\/2023\/04\/iOS_Kalenderabo_Bild3.png\" alt=\"\" class=\"wp-image-1379\" srcset=\"https:\/\/vs-lohnsburg.at\/wp-content\/uploads\/2023\/04\/iOS_Kalenderabo_Bild3.png 433w, https:\/\/vs-lohnsburg.at\/wp-content\/uploads\/2023\/04\/iOS_Kalenderabo_Bild3-139x300.png 139w\" sizes=\"auto, (max-width: 433px) 100vw, 433px\" \/><\/figure>\n<\/figure>\n\n\n\n<p>Im n\u00e4chsten Schritt wird eine Liste mit den gel\u00e4ufigsten Konten angezeigt. Hier navigieren sie dann zu Andere -&gt; Kalenderabo hinzuf\u00fcgen. Im neuen Fenster k\u00f6nnen sie nun den Link aus diesem Bericht kopieren und im Feld &#8222;Server&#8220; einf\u00fcgen und best\u00e4tigen. Der Schulkalender ist nun abonniert und die Termine werden in der Kalenderapp vom Smartphone angezeigt.<\/p>\n\n\n\n<figure class=\"wp-block-gallery has-nested-images columns-default is-cropped wp-block-gallery-2 is-layout-flex wp-block-gallery-is-layout-flex\">\n<figure class=\"wp-block-image size-large\"><img decoding=\"async\" data-id=\"1381\" src=\"https:\/\/vs-lohnsburg.at\/wp-content\/uploads\/2023\/04\/iOS_Kalenderabo_Bild4.jpg\" alt=\"\" class=\"wp-image-1381\"\/><\/figure>\n\n\n\n<figure class=\"wp-block-image size-large\"><img loading=\"lazy\" decoding=\"async\" width=\"427\" height=\"924\" data-id=\"1382\" src=\"https:\/\/vs-lohnsburg.at\/wp-content\/uploads\/2023\/04\/iOS_Kalenderabo_Bild5.png\" alt=\"\" class=\"wp-image-1382\" srcset=\"https:\/\/vs-lohnsburg.at\/wp-content\/uploads\/2023\/04\/iOS_Kalenderabo_Bild5.png 427w, https:\/\/vs-lohnsburg.at\/wp-content\/uploads\/2023\/04\/iOS_Kalenderabo_Bild5-139x300.png 139w\" sizes=\"auto, (max-width: 427px) 100vw, 427px\" \/><\/figure>\n\n\n\n<figure class=\"wp-block-image size-large\"><img loading=\"lazy\" decoding=\"async\" width=\"430\" height=\"932\" data-id=\"1383\" src=\"https:\/\/vs-lohnsburg.at\/wp-content\/uploads\/2023\/04\/iOS_Kalenderabo_Bild6.png\" alt=\"\" class=\"wp-image-1383\" srcset=\"https:\/\/vs-lohnsburg.at\/wp-content\/uploads\/2023\/04\/iOS_Kalenderabo_Bild6.png 430w, https:\/\/vs-lohnsburg.at\/wp-content\/uploads\/2023\/04\/iOS_Kalenderabo_Bild6-138x300.png 138w\" sizes=\"auto, (max-width: 430px) 100vw, 430px\" \/><\/figure>\n<\/figure>\n\n\n\n<h2 class=\"wp-block-heading\">Android (Google):<\/h2>\n\n\n\n<p>Damit unser Kalender bei Android abonniert werden kann, muss das ganze \u00fcber einen PC und dem Google-Account, mit dem ihr Android-Smartphone verbunden ist, eingerichtet werden. Dazu melden sie sich unter dem Link <a rel=\"noreferrer noopener\" href=\"http:\/\/google.com\/calendar\" target=\"_blank\">www.google.com\/calendar<\/a> mit ihrem Google-Konto an und gehen wie folgt vor:<\/p>\n\n\n\n<p>Bei &#8222;Weitere Kalender&#8220; klicken sie auf das &#8222;+&#8220;-Symbol und es \u00f6ffnet sich ein neues Men\u00fc. Hier klicken sie anschlie\u00dfend auf &#8222;Per URL&#8220; und es \u00f6ffnet sich ein neues Fenster. Im neuen Fenster kann schon der Link eingef\u00fcgt werden und anschlie\u00dfend mit &#8222;Kalenderabo hinzuf\u00fcgen&#8220; best\u00e4tigt werden. Der Schulkalender ist nun abonniert und die Termine werden in der Kalenderapp vom Smartphone angezeigt.<\/p>\n\n\n\n<figure class=\"wp-block-gallery has-nested-images columns-default is-cropped wp-block-gallery-3 is-layout-flex wp-block-gallery-is-layout-flex\">\n<figure class=\"wp-block-image size-large\"><img loading=\"lazy\" decoding=\"async\" width=\"230\" height=\"270\" data-id=\"1386\" src=\"https:\/\/vs-lohnsburg.at\/wp-content\/uploads\/2023\/04\/Android_Kalenderabo_Bild1.png\" alt=\"\" class=\"wp-image-1386\"\/><\/figure>\n\n\n\n<figure class=\"wp-block-image size-large\"><img loading=\"lazy\" decoding=\"async\" width=\"446\" height=\"414\" data-id=\"1388\" src=\"https:\/\/vs-lohnsburg.at\/wp-content\/uploads\/2023\/04\/Android_Kalenderabo_Bild2.png\" alt=\"\" class=\"wp-image-1388\" srcset=\"https:\/\/vs-lohnsburg.at\/wp-content\/uploads\/2023\/04\/Android_Kalenderabo_Bild2.png 446w, https:\/\/vs-lohnsburg.at\/wp-content\/uploads\/2023\/04\/Android_Kalenderabo_Bild2-300x278.png 300w\" sizes=\"auto, (max-width: 446px) 100vw, 446px\" \/><\/figure>\n\n\n\n<figure class=\"wp-block-image size-full\"><img loading=\"lazy\" decoding=\"async\" width=\"452\" height=\"514\" data-id=\"1392\" src=\"https:\/\/vs-lohnsburg.at\/wp-content\/uploads\/2023\/04\/Android_Kalenderabo_Bild3_2.png\" alt=\"\" class=\"wp-image-1392\" srcset=\"https:\/\/vs-lohnsburg.at\/wp-content\/uploads\/2023\/04\/Android_Kalenderabo_Bild3_2.png 452w, https:\/\/vs-lohnsburg.at\/wp-content\/uploads\/2023\/04\/Android_Kalenderabo_Bild3_2-264x300.png 264w\" sizes=\"auto, (max-width: 452px) 100vw, 452px\" \/><\/figure>\n<\/figure>\n","protected":false},"excerpt":{"rendered":"<p>Hier wird beschrieben, wie man ein Kalenderabo f\u00fcr iOS beziehungsweise Android einrichten kann. Bitte Anleitung f\u00fcr ihr Betriebssystem Schritt f\u00fcr &hellip; <\/p>\n","protected":false},"author":1,"featured_media":0,"parent":0,"menu_order":0,"comment_status":"closed","ping_status":"closed","template":"","meta":{"footnotes":""},"class_list":["post-1375","page","type-page","status-publish","hentry"],"_links":{"self":[{"href":"https:\/\/vs-lohnsburg.at\/index.php?rest_route=\/wp\/v2\/pages\/1375","targetHints":{"allow":["GET"]}}],"collection":[{"href":"https:\/\/vs-lohnsburg.at\/index.php?rest_route=\/wp\/v2\/pages"}],"about":[{"href":"https:\/\/vs-lohnsburg.at\/index.php?rest_route=\/wp\/v2\/types\/page"}],"author":[{"embeddable":true,"href":"https:\/\/vs-lohnsburg.at\/index.php?rest_route=\/wp\/v2\/users\/1"}],"replies":[{"embeddable":true,"href":"https:\/\/vs-lohnsburg.at\/index.php?rest_route=%2Fwp%2Fv2%2Fcomments&post=1375"}],"version-history":[{"count":9,"href":"https:\/\/vs-lohnsburg.at\/index.php?rest_route=\/wp\/v2\/pages\/1375\/revisions"}],"predecessor-version":[{"id":1402,"href":"https:\/\/vs-lohnsburg.at\/index.php?rest_route=\/wp\/v2\/pages\/1375\/revisions\/1402"}],"wp:attachment":[{"href":"https:\/\/vs-lohnsburg.at\/index.php?rest_route=%2Fwp%2Fv2%2Fmedia&parent=1375"}],"curies":[{"name":"wp","href":"https:\/\/api.w.org\/{rel}","templated":true}]}}