{"id":107,"date":"2021-04-02T09:25:13","date_gmt":"2021-04-02T09:25:13","guid":{"rendered":"https:\/\/vs-lohnsburg.at\/?page_id=107"},"modified":"2026-03-03T10:14:07","modified_gmt":"2026-03-03T09:14:07","slug":"downloads","status":"publish","type":"page","link":"https:\/\/vs-lohnsburg.at\/?page_id=107","title":{"rendered":"Downloads"},"content":{"rendered":"<p><span style=\"color: #0000ff;\"><a style=\"color: #0000ff;\" href=\"https:\/\/vs-lohnsburg.at\/wp-content\/uploads\/2026\/02\/Anmeldeformular-Ferienbetreuung2026.pdf\">Anmeldeformular Ferienbetreuung2026<\/a><\/span><\/p>\r\n<p><span style=\"color: #0000ff;\"><a style=\"color: #0000ff;\" href=\"https:\/\/vs-lohnsburg.at\/wp-content\/uploads\/2026\/03\/Anmeldung-Sommerschule-2026.pdf\">Anmeldung Sommerschule 2026<\/a><\/span><\/p>\r\n<p><span style=\"color: #0000ff;\"><a style=\"color: #0000ff;\" href=\"https:\/\/vs-lohnsburg.at\/wp-content\/uploads\/2023\/12\/Datenschutzerklaerung_Schule.docx\">Datenschutzerklaerung_Schule<\/a><\/span><\/p>\r\n<p><span style=\"color: #0000ff;\"><a style=\"color: #0000ff;\" href=\"https:\/\/vs-lohnsburg.at\/wp-content\/uploads\/2023\/10\/Schuelereinschreibung_Datenblatt_BD_OOe.pdf\">Sch\u00fclereinschreibung_Datenblatt_BD_O\u00d6<\/a><\/span><\/p>\r\n<p><span style=\"color: #0000ff;\"><a style=\"color: #0000ff;\" href=\"https:\/\/vs-lohnsburg.at\/wp-content\/uploads\/2023\/10\/Notfalladressen.pdf\">Notfalladressen Leerformular<\/a><\/span><\/p>\r\n<p><span style=\"color: #0000ff;\"><a style=\"color: #0000ff;\" href=\"https:\/\/www.land-oberoesterreich.gv.at\/33987.htm\">F\u00f6rderungen<\/a><\/span><\/p>\r\n<p><span style=\"color: #0000ff;\"><a style=\"color: #0000ff;\" href=\"https:\/\/vs-lohnsburg.at\/wp-content\/uploads\/2025\/11\/Datenblatt-1.-Klasse.docx\">Datenblatt 1. Klasse<\/a><\/span><\/p>\r\n<p><span style=\"color: #0000ff;\"><a style=\"color: #0000ff;\" href=\"https:\/\/vs-lohnsburg.at\/wp-content\/uploads\/2024\/06\/Schulordnung.pdf\">Schulordnung<\/a><\/span><\/p>\r\n<p><span style=\"color: #0000ff;\"><a style=\"color: #0000ff;\" href=\"https:\/\/vs-lohnsburg.at\/wp-content\/uploads\/2024\/06\/Kaliumjodidtabletten-Merkblatt.pdf\">Kaliumjodidtabletten &#8211; Merkblatt<\/a><\/span><\/p>\r\n<p><span style=\"color: #0000ff;\"><a style=\"color: #0000ff;\" href=\"https:\/\/vs-lohnsburg.at\/wp-content\/uploads\/2025\/11\/Zustimmungserklaerung_SchuelerIn.docx\">Zustimmungserklaerung_Sch\u00fclerIn<\/a><\/span><\/p>\r\n<p><span style=\"color: #0000ff;\"><a style=\"color: #0000ff;\" href=\"https:\/\/vs-lohnsburg.at\/wp-content\/uploads\/2021\/08\/Datenschutzerkaerung-Eltern-halloApp.pdf\">Datenschutzerkl\u00e4rung halloApp<\/a><\/span><\/p>\r\n<p><span style=\"color: #0000ff;\"><a style=\"color: #0000ff;\" href=\"https:\/\/vs-lohnsburg.at\/wp-content\/uploads\/2024\/05\/Flyer-Schulpsy-INNVIERTEL.pdf\">Flyer Schulpsy &#8211; INNVIERTEL<\/a><\/span><\/p>\r\n<p><span style=\"color: #0000ff;\"><a style=\"color: #0000ff;\" href=\"https:\/\/vs-lohnsburg.at\/wp-content\/uploads\/2024\/05\/Flyer-Schulpsychologie-OOe-ALLGEMEIN-1.pdf\">Flyer Schulpsychologie O\u00d6 ALLGEMEIN (1)<\/a><\/span><\/p>\r\n<p><span style=\"color: #0000ff;\"><!-- \/wp:post-content -->\r\n\r\n<!-- wp:paragraph \/-->\r\n\r\n<!-- wp:file {\"id\":1856,\"href\":\"https:\/\/vs-lohnsburg.at\/wp-content\/uploads\/2023\/07\/Schulsachenliste-3.-Klasse.docx\"} --><\/span><\/p>\r\n<p><span style=\"font-size: 12pt; color: #0000ff;\"><!-- \/wp:file -->\r\n\r\n<!-- wp:paragraph \/-->\r\n\r\n<!-- wp:file {\"id\":1861,\"href\":\"https:\/\/vs-lohnsburg.at\/wp-content\/uploads\/2023\/07\/Schulsachenliste-fuer-die-2.Klasse.docx\"} --><\/span><\/p>\r\n<p class=\"wp-block-file\">\u00a0<\/p>\r\n<p><span style=\"font-size: 12pt;\"><!-- \/wp:file -->\r\n\r\n<!-- wp:paragraph \/-->\r\n\r\n<!-- wp:file {\"id\":1873,\"href\":\"https:\/\/vs-lohnsburg.at\/wp-content\/uploads\/2023\/07\/Schulsachenliste-4a.docx\"} --><\/span><\/p>\r\n<p><span style=\"font-size: 12pt;\"><!-- \/wp:file -->\r\n\r\n<!-- wp:file {\"id\":1877,\"href\":\"https:\/\/vs-lohnsburg.at\/wp-content\/uploads\/2023\/07\/Schulsachenliste-4b.docx\"} --><\/span><\/p>\r\n<p class=\"wp-block-file\">\u00a0<\/p>\r\n<!-- \/wp:file -->","protected":false},"excerpt":{"rendered":"<p>Anmeldeformular Ferienbetreuung2026 Anmeldung Sommerschule 2026 Datenschutzerklaerung_Schule Sch\u00fclereinschreibung_Datenblatt_BD_O\u00d6 Notfalladressen Leerformular F\u00f6rderungen Datenblatt 1. Klasse Schulordnung Kaliumjodidtabletten &#8211; Merkblatt Zustimmungserklaerung_Sch\u00fclerIn Datenschutzerkl\u00e4rung halloApp &hellip; <\/p>\n","protected":false},"author":1,"featured_media":0,"parent":0,"menu_order":0,"comment_status":"closed","ping_status":"closed","template":"","meta":{"footnotes":""},"class_list":["post-107","page","type-page","status-publish","hentry"],"_links":{"self":[{"href":"https:\/\/vs-lohnsburg.at\/index.php?rest_route=\/wp\/v2\/pages\/107","targetHints":{"allow":["GET"]}}],"collection":[{"href":"https:\/\/vs-lohnsburg.at\/index.php?rest_route=\/wp\/v2\/pages"}],"about":[{"href":"https:\/\/vs-lohnsburg.at\/index.php?rest_route=\/wp\/v2\/types\/page"}],"author":[{"embeddable":true,"href":"https:\/\/vs-lohnsburg.at\/index.php?rest_route=\/wp\/v2\/users\/1"}],"replies":[{"embeddable":true,"href":"https:\/\/vs-lohnsburg.at\/index.php?rest_route=%2Fwp%2Fv2%2Fcomments&post=107"}],"version-history":[{"count":157,"href":"https:\/\/vs-lohnsburg.at\/index.php?rest_route=\/wp\/v2\/pages\/107\/revisions"}],"predecessor-version":[{"id":4954,"href":"https:\/\/vs-lohnsburg.at\/index.php?rest_route=\/wp\/v2\/pages\/107\/revisions\/4954"}],"wp:attachment":[{"href":"https:\/\/vs-lohnsburg.at\/index.php?rest_route=%2Fwp%2Fv2%2Fmedia&parent=107"}],"curies":[{"name":"wp","href":"https:\/\/api.w.org\/{rel}","templated":true}]}}